{"id":1102,"date":"2024-06-03T01:56:39","date_gmt":"2024-06-02T23:56:39","guid":{"rendered":"https:\/\/lamurcianaconfiteria.es\/?page_id=1102"},"modified":"2024-06-03T02:00:06","modified_gmt":"2024-06-03T00:00:06","slug":"legal-notice","status":"publish","type":"page","link":"https:\/\/lamurcianaconfiteria.es\/en\/legal-notice\/","title":{"rendered":"Legal notice"},"content":{"rendered":"<h3>Legal notice<\/h3>\n<p>Users of this website are informed that the owner is:<\/p>\n<ul>\n<li><strong>Company:<\/strong> CONFITER\u00cdA LA MURCIANA, S.L.<\/li>\n<li><strong>NIF:<\/strong> B03162872<\/li>\n<li><strong>Telephone:<\/strong> 680 18 31 57<\/li>\n<li><strong>Address:<\/strong> Calle Raspeig, 508 - 03690 Sant Vicent del Raspeig, Alicante, Spain<\/li>\n<li><strong>E-mail:<\/strong> <a class=\"css-tgpl01\" title=\"mailto:encargos.lamurciana@gmail.com\" href=\"mailto:encargos.lamurciana@gmail.com\" data-testid=\"link-with-safety\" data-renderer-mark=\"true\">encargos.lamurciana@gmail.com<\/a><\/li>\n<li><strong>Name of the business:<\/strong> CONFITER\u00cdA LA MURCIANA, S.L.<\/li>\n<li><strong>Name of the website:<\/strong> lamurcianaconfiteria.es<\/li>\n<\/ul>\n<h3>Purpose and Scope of Application<\/h3>\n<p>This Legal Notice regulates the access and use of the website lamurcianaconfiteria.es (hereinafter, \"the website\"), whose purpose is to provide users with information about the products and services of CONFITER\u00cdA LA MURCIANA, S.L., as well as the possibility of making purchases through the online shop.<\/p>\n<h3>Conditions of Use<\/h3>\n<p>Access and use of this website attributes the condition of user, implying full and unreserved acceptance of each and every one of the provisions included in this Legal Notice, as well as in the privacy and cookies policies. If you do not agree with any of the conditions set forth herein, you should not use or access this website.<\/p>\n<h3>User Responsibility<\/h3>\n<p>The user undertakes to use the website and its services in accordance with the law, this Legal Notice, the specific conditions of certain services and other notices, regulations of use and instructions made known to them, as well as with generally accepted morals and good customs and public order.<\/p>\n<h3>Protection of Personal Data<\/h3>\n<p>To use some of the services, users must first provide certain personal data. For this purpose, CONFITER\u00cdA LA MURCIANA, S.L. will automatically process the personal data in compliance with the data protection regulations in force. The user can access the personal data protection policy and the cookies policy by clicking on the corresponding links.<\/p>\n<h3>Intellectual and Industrial Property<\/h3>\n<p>The website and its contents, including, but not limited to, texts, images, graphic design, source code, logos, brands, commercial names and other distinctive signs, are protected by intellectual and industrial property rights, of which CONFITER\u00cdA LA MURCIANA, S.L. is the owner or licensee.<\/p>\n<h3>Exclusion of Warranties and Liability<\/h3>\n<p>CONFITER\u00cdA LA MURCIANA, S.L. shall not be liable, under any circumstances, for damages of any kind that may be caused by, but not limited to: errors or omissions in the content, lack of availability of the website, or the transmission of viruses or malicious or harmful programs in the content, despite having taken all the necessary technological measures to prevent it.<\/p>\n<h3>Modifications<\/h3>\n<p>CONFITER\u00cdA LA MURCIANA, S.L. reserves the right to make, without prior notice, the modifications it deems appropriate to its website, being able to change, delete or add both the contents and services provided through it and the way in which they are presented or located on its website.<\/p>\n<h3>Links<\/h3>\n<p>In the event that lamurcianaconfiteria.es contains links or hyperlinks to other Internet sites, CONFITER\u00cdA LA MURCIANA, S.L. shall not exercise any control over such sites and content. Under no circumstances will CONFITER\u00cdA LA MURCIANA, S.L. assume any responsibility for the contents of any link belonging to an external website.<\/p>\n<h3>Applicable Law and Jurisdiction<\/h3>\n<p>The relationship between CONFITER\u00cdA LA MURCIANA, S.L. and the user shall be governed by current Spanish legislation and any dispute shall be submitted to the Courts and Tribunals of the city of Alicante.<\/p>","protected":false},"excerpt":{"rendered":"<p>Aviso legal Se informa a los usuarios de este sitio web que el titular es: Empresa: CONFITER\u00cdA LA MURCIANA, S.L. NIF: B03162872 Tel\u00e9fono: 680 18 31 57 Direcci\u00f3n: Calle Raspeig, 508 &#8211; 03690 Sant Vicent del Raspeig, Alicante, Espa\u00f1a Correo Electr\u00f3nico: encargos.lamurciana@gmail.com Nombre del negocio: CONFITER\u00cdA LA MURCIANA, S.L. Nombre de la p\u00e1gina web: lamurcianaconfiteria.es [&hellip;]<\/p>\n","protected":false},"author":1,"featured_media":0,"parent":0,"menu_order":0,"comment_status":"closed","ping_status":"closed","template":"","meta":{"site-sidebar-layout":"default","site-content-layout":"","ast-site-content-layout":"default","site-content-style":"default","site-sidebar-style":"default","ast-global-header-display":"","ast-banner-title-visibility":"","ast-main-header-display":"","ast-hfb-above-header-display":"","ast-hfb-below-header-display":"","ast-hfb-mobile-header-display":"","site-post-title":"disabled","ast-breadcrumbs-content":"","ast-featured-img":"","footer-sml-layout":"","ast-disable-related-posts":"","theme-transparent-header-meta":"default","adv-header-id-meta":"","stick-header-meta":"","header-above-stick-meta":"","header-main-stick-meta":"","header-below-stick-meta":"","astra-migrate-meta-layouts":"set","ast-page-background-enabled":"default","ast-page-background-meta":{"desktop":{"background-color":"","background-image":"","background-repeat":"repeat","background-position":"center center","background-size":"auto","background-attachment":"scroll","background-type":"","background-media":"","overlay-type":"","overlay-color":"","overlay-opacity":"","overlay-gradient":""},"tablet":{"background-color":"","background-image":"","background-repeat":"repeat","background-position":"center center","background-size":"auto","background-attachment":"scroll","background-type":"","background-media":"","overlay-type":"","overlay-color":"","overlay-opacity":"","overlay-gradient":""},"mobile":{"background-color":"","background-image":"","background-repeat":"repeat","background-position":"center center","background-size":"auto","background-attachment":"scroll","background-type":"","background-media":"","overlay-type":"","overlay-color":"","overlay-opacity":"","overlay-gradient":""}},"ast-content-background-meta":{"desktop":{"background-color":"var(--ast-global-color-5)","background-image":"","background-repeat":"repeat","background-position":"center center","background-size":"auto","background-attachment":"scroll","background-type":"","background-media":"","overlay-type":"","overlay-color":"","overlay-opacity":"","overlay-gradient":""},"tablet":{"background-color":"var(--ast-global-color-5)","background-image":"","background-repeat":"repeat","background-position":"center center","background-size":"auto","background-attachment":"scroll","background-type":"","background-media":"","overlay-type":"","overlay-color":"","overlay-opacity":"","overlay-gradient":""},"mobile":{"background-color":"var(--ast-global-color-5)","background-image":"","background-repeat":"repeat","background-position":"center center","background-size":"auto","background-attachment":"scroll","background-type":"","background-media":"","overlay-type":"","overlay-color":"","overlay-opacity":"","overlay-gradient":""}},"footnotes":""},"class_list":["post-1102","page","type-page","status-publish","hentry"],"_links":{"self":[{"href":"https:\/\/lamurcianaconfiteria.es\/en\/wp-json\/wp\/v2\/pages\/1102","targetHints":{"allow":["GET"]}}],"collection":[{"href":"https:\/\/lamurcianaconfiteria.es\/en\/wp-json\/wp\/v2\/pages"}],"about":[{"href":"https:\/\/lamurcianaconfiteria.es\/en\/wp-json\/wp\/v2\/types\/page"}],"author":[{"embeddable":true,"href":"https:\/\/lamurcianaconfiteria.es\/en\/wp-json\/wp\/v2\/users\/1"}],"replies":[{"embeddable":true,"href":"https:\/\/lamurcianaconfiteria.es\/en\/wp-json\/wp\/v2\/comments?post=1102"}],"version-history":[{"count":6,"href":"https:\/\/lamurcianaconfiteria.es\/en\/wp-json\/wp\/v2\/pages\/1102\/revisions"}],"predecessor-version":[{"id":1108,"href":"https:\/\/lamurcianaconfiteria.es\/en\/wp-json\/wp\/v2\/pages\/1102\/revisions\/1108"}],"wp:attachment":[{"href":"https:\/\/lamurcianaconfiteria.es\/en\/wp-json\/wp\/v2\/media?parent=1102"}],"curies":[{"name":"wp","href":"https:\/\/api.w.org\/{rel}","templated":true}]}}